{"id":1489,"date":"2019-11-21T19:03:05","date_gmt":"2019-11-21T19:03:05","guid":{"rendered":"https:\/\/gaestehaus.koellich.at\/?page_id=1489"},"modified":"2019-11-25T21:02:03","modified_gmt":"2019-11-25T21:02:03","slug":"impressum","status":"publish","type":"page","link":"https:\/\/gaestehaus.koellich.at\/index.php\/impressum\/","title":{"rendered":"IMPRESSUM"},"content":{"rendered":"\t\t<div data-elementor-type=\"wp-post\" data-elementor-id=\"1489\" class=\"elementor elementor-1489\">\n\t\t\t\t\t\t<section class=\"elementor-section elementor-top-section elementor-element elementor-element-0277756 elementor-section-content-middle elementor-section-boxed elementor-section-height-default elementor-section-height-default\" data-id=\"0277756\" data-element_type=\"section\">\n\t\t\t\t\t\t<div class=\"elementor-container elementor-column-gap-no\">\n\t\t\t\t\t<div class=\"elementor-column elementor-col-100 elementor-top-column elementor-element elementor-element-fc79cfc\" data-id=\"fc79cfc\" data-element_type=\"column\">\n\t\t\t<div class=\"elementor-widget-wrap elementor-element-populated\">\n\t\t\t\t\t\t<div class=\"elementor-element elementor-element-35060f9 elementor-widget elementor-widget-text-editor\" data-id=\"35060f9\" data-element_type=\"widget\" data-widget_type=\"text-editor.default\">\n\t\t\t\t<div class=\"elementor-widget-container\">\n\t\t\t\t\t\t\t\t\t<header class=\"entry-header ast-no-thumbnail ast-no-meta\"><h1 class=\"entry-title\">Impressum<br \/><strong style=\"font-size: 15px;\">Offenlegung nach E-Commerce<\/strong><span style=\"font-size: 15px;\">\u2013<\/span><strong style=\"font-size: 15px;\">Gesetz<\/strong><\/h1><\/header><div class=\"entry-content clear\"><p><strong><br \/>Medieninhaber, Herausgeber und Eigent\u00fcmer:<\/strong><br \/>Ing. Johann K\u00f6llich<\/p><p><strong><a href=\"https:\/\/inmyhand.at\/index.php\/datenschutz\/\">Datenschutzerkl\u00e4rung<\/a><\/strong><\/p><p><b><br \/><\/b><strong style=\"font-size: 15px;\">Standort<\/strong><span style=\"font-size: 15px;\">:<br \/><\/span><span style=\"font-size: 15px;\">Kirschentheuer 46<br \/><\/span><span style=\"font-size: 15px;\">9162 Ferlach<\/span><\/p><p>\u00d6sterreich<\/p><p><strong>Unternehmensgegenstand<\/strong>:<br \/>Privatzimmervermietung, Unternehmensberatung, Berufsfotografie und Lebensraum-Consulting<\/p><p><strong>Kontaktdaten<\/strong>:<br \/>Tel: +43 4227 2700<br \/>Fax: +43 4227 2700 9<br \/>E-mail:\u00a0<a href=\"mailto:office@flowspot.at\">office@koellich.at<\/a><\/p><p><strong>Websites<\/strong>:<br \/><a href=\"https:\/\/gaestehaus.koellich.at\">https:\/\/gaestehaus.koellich.at<\/a><br \/><a href=\"https:\/\/www.koellich.at\/\">https:\/\/www.koellich.at<\/a><br \/><a href=\"https:\/\/www.inmyhand.at\/\">https:\/\/www.inmyhand.at<\/a><br \/><a href=\"https:\/\/www.flowspot.at\/\">https:\/\/www.flowspot.at<\/a><br \/><a href=\"https:\/\/ucs.flowspot.at\/\">https:\/\/ucs.flowspot.at<\/a><\/p><p><strong>UID Nummer<\/strong>:<br \/>ATU25540206<\/p><p><strong>Mitgliedschaften bei der Wirtschaftskammerorganisation<\/strong>:<br \/>Wirtschaftskammer \u00d6sterreich,<br \/>Wirtschaftskammer K\u00e4rnten,<br \/>Fachgruppe Unternehmensberatung, Buchhaltung\u00a0 und Informationstechnik<br \/>Fachgruppe\u00a0 Pers\u00f6nlicher Dienstleister<br \/>Landesinnung der Berufsfotografen<\/p><p><strong>T\u00e4tigkeiten und Wirkbereiche<\/strong>:<br \/>Privatzimmervermietung<br \/>Unternehmensberatung,<br \/>Lebensraum-Consulting,<br \/>Wirtschaftstraining,<br \/>Coaching<br \/>Berufsfotografie<\/p><p><strong>Rechtsvorschriften<\/strong>:<br \/><a href=\"https:\/\/inmyhand.at\/wp-content\/uploads\/2019\/11\/GewO-1994-Fassung-vom-04.11.2019.pdf\" target=\"_blank\" rel=\"noreferrer noopener\" aria-label=\"Gewerbeordnung\u00a0 (\u00f6ffnet in neuem Tab)\">Gewerbeordnung\u00a0<\/a><br \/><a href=\"http:\/\/www.ris.bka.gv.at\/\" target=\"_blank\" rel=\"noreferrer noopener\" aria-label=\"http:\/\/www.ris.bka.gv.at\/ (\u00f6ffnet in neuem Tab)\">http:\/\/www.ris.bka.gv.at\/<\/a><\/p><p><strong>Gewerbebeh\u00f6rde<\/strong>:<br \/>Bezirkshauptmannschaft Klagenfurt<\/p><p><strong>Konzept, Design, technische Umsetzung:<\/strong><br \/>Ing. Johann K\u00f6llich<\/p><p><strong>Fotos<\/strong>:<br \/>Tanja G\u00fcttersberger |\u00a0<a href=\"http:\/\/www.fotoszenerie.at\/\" target=\"_blank\" rel=\"noreferrer noopener\">www.fotoszenerie.at<\/a>\u00a0| Daniel Kirchmeier | Dieter Arbeiter | Ing. Johann K\u00f6llich<\/p><p><strong>Foto-Autoren und System der Dateinamencodierung:<br \/><\/strong>fosz_*.*\u00a0 &#8230; Tanja G\u00fcttersberger und Daniel Kirchmeier<br \/>arbe_*.* &#8230; Dieter Arbeiter<br \/>koel_*.* &#8230; Ing. Johann K\u00f6llich<\/p><p><strong>Copyright:<\/strong><br \/>Bilder und Inhalte &#8230; Ing. Johann K\u00f6llich<\/p><\/div>\t\t\t\t\t\t\t\t<\/div>\n\t\t\t\t<\/div>\n\t\t\t\t\t<\/div>\n\t\t<\/div>\n\t\t\t\t\t<\/div>\n\t\t<\/section>\n\t\t\t\t<\/div>\n\t\t","protected":false},"excerpt":{"rendered":"<p>ImpressumOffenlegung nach E-Commerce\u2013Gesetz Medieninhaber, Herausgeber und Eigent\u00fcmer:Ing. Johann K\u00f6llich Datenschutzerkl\u00e4rung Standort:Kirschentheuer 469162 Ferlach \u00d6sterreich Unternehmensgegenstand:Privatzimmervermietung, Unternehmensberatung, Berufsfotografie und Lebensraum-Consulting Kontaktdaten:Tel: +43 4227 2700Fax: +43 4227 2700 9E-mail:\u00a0office@koellich.at Websites:https:\/\/gaestehaus.koellich.athttps:\/\/www.koellich.athttps:\/\/www.inmyhand.athttps:\/\/www.flowspot.athttps:\/\/ucs.flowspot.at UID Nummer:ATU25540206 Mitgliedschaften bei der Wirtschaftskammerorganisation:Wirtschaftskammer \u00d6sterreich,Wirtschaftskammer K\u00e4rnten,Fachgruppe Unternehmensberatung, Buchhaltung\u00a0 und InformationstechnikFachgruppe\u00a0 Pers\u00f6nlicher DienstleisterLandesinnung der Berufsfotografen T\u00e4tigkeiten und Wirkbereiche:PrivatzimmervermietungUnternehmensberatung,Lebensraum-Consulting,Wirtschaftstraining,CoachingBerufsfotografie Rechtsvorschriften:Gewerbeordnung\u00a0http:\/\/www.ris.bka.gv.at\/ Gewerbebeh\u00f6rde:Bezirkshauptmannschaft Klagenfurt Konzept, Design, technische Umsetzung:Ing. Johann [&hellip;]<\/p>\n","protected":false},"author":1,"featured_media":0,"parent":0,"menu_order":0,"comment_status":"closed","ping_status":"closed","template":"","meta":{"_uag_custom_page_level_css":"","site-sidebar-layout":"no-sidebar","site-content-layout":"page-builder","ast-site-content-layout":"default","site-content-style":"default","site-sidebar-style":"default","ast-global-header-display":"","ast-banner-title-visibility":"","ast-main-header-display":"","ast-hfb-above-header-display":"","ast-hfb-below-header-display":"","ast-hfb-mobile-header-display":"","site-post-title":"disabled","ast-breadcrumbs-content":"","ast-featured-img":"disabled","footer-sml-layout":"","ast-disable-related-posts":"","theme-transparent-header-meta":"default","adv-header-id-meta":"","stick-header-meta":"","header-above-stick-meta":"","header-main-stick-meta":"","header-below-stick-meta":"","astra-migrate-meta-layouts":"default","ast-page-background-enabled":"default","ast-page-background-meta":{"desktop":{"background-color":"","background-image":"","background-repeat":"repeat","background-position":"center center","background-size":"auto","background-attachment":"scroll","background-type":"","background-media":"","overlay-type":"","overlay-color":"","overlay-opacity":"","overlay-gradient":""},"tablet":{"background-color":"","background-image":"","background-repeat":"repeat","background-position":"center center","background-size":"auto","background-attachment":"scroll","background-type":"","background-media":"","overlay-type":"","overlay-color":"","overlay-opacity":"","overlay-gradient":""},"mobile":{"background-color":"","background-image":"","background-repeat":"repeat","background-position":"center center","background-size":"auto","background-attachment":"scroll","background-type":"","background-media":"","overlay-type":"","overlay-color":"","overlay-opacity":"","overlay-gradient":""}},"ast-content-background-meta":{"desktop":{"background-color":"var(--ast-global-color-5)","background-image":"","background-repeat":"repeat","background-position":"center center","background-size":"auto","background-attachment":"scroll","background-type":"","background-media":"","overlay-type":"","overlay-color":"","overlay-opacity":"","overlay-gradient":""},"tablet":{"background-color":"var(--ast-global-color-5)","background-image":"","background-repeat":"repeat","background-position":"center center","background-size":"auto","background-attachment":"scroll","background-type":"","background-media":"","overlay-type":"","overlay-color":"","overlay-opacity":"","overlay-gradient":""},"mobile":{"background-color":"var(--ast-global-color-5)","background-image":"","background-repeat":"repeat","background-position":"center center","background-size":"auto","background-attachment":"scroll","background-type":"","background-media":"","overlay-type":"","overlay-color":"","overlay-opacity":"","overlay-gradient":""}},"footnotes":""},"class_list":["post-1489","page","type-page","status-publish","hentry"],"uagb_featured_image_src":{"full":false,"thumbnail":false,"medium":false,"medium_large":false,"large":false,"1536x1536":false,"2048x2048":false},"uagb_author_info":{"display_name":"admin","author_link":"https:\/\/gaestehaus.koellich.at\/index.php\/author\/root_jokoe\/"},"uagb_comment_info":0,"uagb_excerpt":"ImpressumOffenlegung nach E-Commerce\u2013Gesetz Medieninhaber, Herausgeber und Eigent\u00fcmer:Ing. Johann K\u00f6llich Datenschutzerkl\u00e4rung Standort:Kirschentheuer 469162 Ferlach \u00d6sterreich Unternehmensgegenstand:Privatzimmervermietung, Unternehmensberatung, Berufsfotografie und Lebensraum-Consulting Kontaktdaten:Tel: +43 4227 2700Fax: +43 4227 2700 9E-mail:\u00a0office@koellich.at Websites:https:\/\/gaestehaus.koellich.athttps:\/\/www.koellich.athttps:\/\/www.inmyhand.athttps:\/\/www.flowspot.athttps:\/\/ucs.flowspot.at UID Nummer:ATU25540206 Mitgliedschaften bei der Wirtschaftskammerorganisation:Wirtschaftskammer \u00d6sterreich,Wirtschaftskammer K\u00e4rnten,Fachgruppe Unternehmensberatung, Buchhaltung\u00a0 und InformationstechnikFachgruppe\u00a0 Pers\u00f6nlicher DienstleisterLandesinnung der Berufsfotografen T\u00e4tigkeiten und Wirkbereiche:PrivatzimmervermietungUnternehmensberatung,Lebensraum-Consulting,Wirtschaftstraining,CoachingBerufsfotografie Rechtsvorschriften:Gewerbeordnung\u00a0http:\/\/www.ris.bka.gv.at\/ Gewerbebeh\u00f6rde:Bezirkshauptmannschaft Klagenfurt Konzept, Design, technische Umsetzung:Ing. Johann&hellip;","jetpack_sharing_enabled":true,"_links":{"self":[{"href":"https:\/\/gaestehaus.koellich.at\/index.php\/wp-json\/wp\/v2\/pages\/1489","targetHints":{"allow":["GET"]}}],"collection":[{"href":"https:\/\/gaestehaus.koellich.at\/index.php\/wp-json\/wp\/v2\/pages"}],"about":[{"href":"https:\/\/gaestehaus.koellich.at\/index.php\/wp-json\/wp\/v2\/types\/page"}],"author":[{"embeddable":true,"href":"https:\/\/gaestehaus.koellich.at\/index.php\/wp-json\/wp\/v2\/users\/1"}],"replies":[{"embeddable":true,"href":"https:\/\/gaestehaus.koellich.at\/index.php\/wp-json\/wp\/v2\/comments?post=1489"}],"version-history":[{"count":8,"href":"https:\/\/gaestehaus.koellich.at\/index.php\/wp-json\/wp\/v2\/pages\/1489\/revisions"}],"predecessor-version":[{"id":2602,"href":"https:\/\/gaestehaus.koellich.at\/index.php\/wp-json\/wp\/v2\/pages\/1489\/revisions\/2602"}],"wp:attachment":[{"href":"https:\/\/gaestehaus.koellich.at\/index.php\/wp-json\/wp\/v2\/media?parent=1489"}],"curies":[{"name":"wp","href":"https:\/\/api.w.org\/{rel}","templated":true}]}}